{"id":2147,"date":"2024-01-08T18:22:24","date_gmt":"2024-01-08T17:22:24","guid":{"rendered":"https:\/\/www.parkett-froehler.de\/cms\/?page_id=2147"},"modified":"2024-01-08T18:39:13","modified_gmt":"2024-01-08T17:39:13","slug":"blog","status":"publish","type":"page","link":"https:\/\/www.parkett-froehler.de\/cms\/blog\/","title":{"rendered":"Blog"},"content":{"rendered":"\t\t<div data-elementor-type=\"wp-page\" data-elementor-id=\"2147\" class=\"elementor elementor-2147\">\n\t\t\t\t<div class=\"elementor-element elementor-element-5ec9f7f e-flex e-con-boxed e-con e-parent\" data-id=\"5ec9f7f\" data-element_type=\"container\" data-e-type=\"container\" data-settings=\"{&quot;background_background&quot;:&quot;classic&quot;}\">\n\t\t\t\t\t<div class=\"e-con-inner\">\n\t\t\t\t\t<\/div>\n\t\t\t\t<\/div>\n\t\t<div class=\"elementor-element elementor-element-5676a4b e-flex e-con-boxed e-con e-parent\" data-id=\"5676a4b\" data-element_type=\"container\" data-e-type=\"container\">\n\t\t\t\t\t<div class=\"e-con-inner\">\n\t\t<div class=\"elementor-element elementor-element-65a7ffd e-flex e-con-boxed e-con e-child\" data-id=\"65a7ffd\" data-element_type=\"container\" data-e-type=\"container\" data-settings=\"{&quot;background_background&quot;:&quot;classic&quot;}\">\n\t\t\t\t\t<div class=\"e-con-inner\">\n\t\t\t\t<div class=\"elementor-element elementor-element-a3545bc elementor-widget elementor-widget-heading\" data-id=\"a3545bc\" data-element_type=\"widget\" data-e-type=\"widget\" data-widget_type=\"heading.default\">\n\t\t\t\t<div class=\"elementor-widget-container\">\n\t\t\t\t\t<h2 class=\"elementor-heading-title elementor-size-default\"> Hier sehen Sie unsere neuesten Blog-Beitr\u00e4ge<\/h2>\t\t\t\t<\/div>\n\t\t\t\t<\/div>\n\t\t\t\t<div class=\"elementor-element elementor-element-4a9b2d9 elementor-widget elementor-widget-shortcode\" data-id=\"4a9b2d9\" data-element_type=\"widget\" data-e-type=\"widget\" data-widget_type=\"shortcode.default\">\n\t\t\t\t<div class=\"elementor-widget-container\">\n\t\t\t\t\t\t\t<div class=\"elementor-shortcode\"><div class=\"ct-posts-shortcode\" data-prefix=\"blog\"><div class=\"entries\" data-archive=\"default\" data-layout=\"classic\" data-cards=\"boxed\"><article class=\"entry-card card-content post-1 post type-post status-publish format-standard hentry category-allgemein\" ><h2 class=\"entry-title\"><a href=\"https:\/\/www.parkett-froehler.de\/cms\/hallo-welt\/\" rel=\"bookmark\">Tipps zur Pflege von Parkettb\u00f6den<\/a><\/h2><div class=\"entry-excerpt\"><p>Die Pflege von ge\u00f6lten Parkettb\u00f6den ist ein wichtiger Aspekt, um ihre Sch\u00f6nheit und Langlebigkeit zu\u2026<\/p>\n<\/div><a class=\"entry-button wp-element-button ct-button\" href=\"https:\/\/www.parkett-froehler.de\/cms\/hallo-welt\/\">Weiterlesen<svg width=\"17px\" height=\"17px\" viewBox=\"0 0 32 32\" fill=\"currentColor\"><path d=\"M 21.1875 9.28125 L 19.78125 10.71875 L 24.0625 15 L 4 15 L 4 17 L 24.0625 17 L 19.78125 21.28125 L 21.1875 22.71875 L 27.90625 16 Z \"><\/path><\/svg><span class=\"screen-reader-text\">Tipps zur Pflege von Parkettb\u00f6den<\/span><\/a><\/article><\/div><\/div><\/div>\n\t\t\t\t\t\t<\/div>\n\t\t\t\t<\/div>\n\t\t\t\t\t<\/div>\n\t\t\t\t<\/div>\n\t\t\t\t\t<\/div>\n\t\t\t\t<\/div>\n\t\t\t\t<\/div>\n\t\t","protected":false},"excerpt":{"rendered":"<p>Hier sehen Sie unsere neuesten Blog-Beitr\u00e4ge<\/p>\n","protected":false},"author":1,"featured_media":0,"parent":0,"menu_order":0,"comment_status":"closed","ping_status":"closed","template":"","meta":{"footnotes":""},"class_list":["post-2147","page","type-page","status-publish","hentry"],"blocksy_meta":[],"_links":{"self":[{"href":"https:\/\/www.parkett-froehler.de\/cms\/wp-json\/wp\/v2\/pages\/2147","targetHints":{"allow":["GET"]}}],"collection":[{"href":"https:\/\/www.parkett-froehler.de\/cms\/wp-json\/wp\/v2\/pages"}],"about":[{"href":"https:\/\/www.parkett-froehler.de\/cms\/wp-json\/wp\/v2\/types\/page"}],"author":[{"embeddable":true,"href":"https:\/\/www.parkett-froehler.de\/cms\/wp-json\/wp\/v2\/users\/1"}],"replies":[{"embeddable":true,"href":"https:\/\/www.parkett-froehler.de\/cms\/wp-json\/wp\/v2\/comments?post=2147"}],"version-history":[{"count":28,"href":"https:\/\/www.parkett-froehler.de\/cms\/wp-json\/wp\/v2\/pages\/2147\/revisions"}],"predecessor-version":[{"id":2178,"href":"https:\/\/www.parkett-froehler.de\/cms\/wp-json\/wp\/v2\/pages\/2147\/revisions\/2178"}],"wp:attachment":[{"href":"https:\/\/www.parkett-froehler.de\/cms\/wp-json\/wp\/v2\/media?parent=2147"}],"curies":[{"name":"wp","href":"https:\/\/api.w.org\/{rel}","templated":true}]}}